{"id":1376,"date":"2024-09-26T18:14:08","date_gmt":"2024-09-26T16:14:08","guid":{"rendered":"https:\/\/saraharnaudhypnose.com\/?page_id=1376"},"modified":"2025-04-04T13:15:57","modified_gmt":"2025-04-04T11:15:57","slug":"mentions-legales-et-politique-de-confidentialite","status":"publish","type":"page","link":"https:\/\/saraharnaudhypnose.com\/index.php\/mentions-legales-et-politique-de-confidentialite\/","title":{"rendered":"Mentions l\u00e9gales et politique de confidentialit\u00e9"},"content":{"rendered":"\t\t<div data-elementor-type=\"wp-page\" data-elementor-id=\"1376\" class=\"elementor elementor-1376\" data-elementor-post-type=\"page\">\n\t\t\t\t<div class=\"elementor-element elementor-element-e5e5ea7 e-flex e-con-boxed e-con e-parent\" data-id=\"e5e5ea7\" data-element_type=\"container\" data-settings=\"{&quot;background_background&quot;:&quot;classic&quot;}\">\n\t\t\t\t\t<div class=\"e-con-inner\">\n\t\t\t\t<div class=\"elementor-element elementor-element-baaabbd elementor-widget elementor-widget-text-editor\" data-id=\"baaabbd\" data-element_type=\"widget\" data-widget_type=\"text-editor.default\">\n\t\t\t\t<div class=\"elementor-widget-container\">\n\t\t\t\t\t\t\t\t\t<p>Mentions l\u00e9gales<\/p><p>En vigueur au 26\/09\/2024. Conform\u00e9ment aux dispositions de la loi n\u00b02004-575 du 21 juin 2004 pour la Confiance en l\u2019\u00e9conomie num\u00e9rique, il est port\u00e9 \u00e0 la connaissance des utilisateurs et visiteurs, du site https:\/\/saraharnaudhypnose.com\/ , les pr\u00e9sentes mentions l\u00e9gales. La connexion et la navigation sur le site par l\u2019utilisateur implique acceptation int\u00e9grale et sans r\u00e9serve des pr\u00e9sentes mentions l\u00e9gales. Ces derni\u00e8res sont accessibles sur le Site \u00e0 la rubrique \u00ab\u00a0Mentions l\u00e9gales\u00a0\u00bb.<\/p><p>La poursuite de la navigation sur ce site vaut acceptation sans r\u00e9serve, des dispositions qui suivent.<\/p><p>La d\u00e9cision de recourir \u00e0 une ou plusieurs s\u00e9ances d&rsquo;hypnose s&rsquo;effectue sous la pleine et enti\u00e8re responsabilit\u00e9 de l&rsquo;utilisateur. Il doit avoir conscience que les m\u00e9decines douces compl\u00e9mentaires aux soins de m\u00e9decine traditionnelle, ne sauraient en aucun cas le dispenser de consulter un professionnel de sant\u00e9 tels que d\u00e9finis par le code de la sant\u00e9 publique.<\/p><p>Les praticiens en hypnose ne sont pas des professionnels de la sant\u00e9 publique au sens du Code de la Sant\u00e9 Publique. Les s\u00e9ances propos\u00e9es ne se substituent en aucun cas \u00e0 une consultation m\u00e9dicale ou \u00e0 un traitement m\u00e9dical. Seul le corps m\u00e9dical, est habilit\u00e9 \u00e0 \u00e9tablir un diagnostic m\u00e9dical et \u00e0 proposer un traitement m\u00e9dical adapt\u00e9.<\/p><p>EDITION DU SITE<\/p><p>L&rsquo;\u00e9dition du Site est assur\u00e9e par la soci\u00e9t\u00e9 Sarah ARNAUD, micro entreprise, immatricul\u00e9e sous le num\u00e9ro 82482698600021 dont le si\u00e8ge social est situ\u00e9 au 10 avenue des minimes, 31200 TOULOUSE \/ Num\u00e9ro de t\u00e9l\u00e9phone : 0763702352\u00a0 \/ Adresse e-mail : saraharnaudhypnose@gmail.com.<\/p><p>Directeur de la publication : Sarah ARNAUD.<\/p><p>HEBERGEUR<\/p><p>L&rsquo;h\u00e9bergeur du Site est la soci\u00e9t\u00e9 OVH, dont le si\u00e8ge social est situ\u00e9 au 2 rue Kellermann 59100 France .<\/p><p>ACCES AU SITE<\/p><p>Le Site est normalement accessible, \u00e0 tout moment, \u00e0 l&rsquo;Utilisateur. Toutefois, l&rsquo;Editeur pourra, \u00e0 tout moment, suspendre, limiter ou interrompre le Site afin de proc\u00e9der, notamment, \u00e0 des mises \u00e0 jour ou des modifications de son contenu. L&rsquo;Editeur ne pourra en aucun cas \u00eatre tenu responsable des cons\u00e9quences \u00e9ventuelles de cette indisponibilit\u00e9 sur les activit\u00e9s de l&rsquo;utilisateur.<\/p><p>COLLECTE DES DONNEES<\/p><p>Le Site assure \u00e0 l&rsquo;Utilisateur une collecte et un traitement des donn\u00e9es personnelles dans le respect de la vie priv\u00e9e conform\u00e9ment \u00e0 la loi n\u00b078-17 du 6 janvier 1978 relative \u00e0 l&rsquo;informatique, aux fichiers aux libert\u00e9s et dans le respect de la r\u00e8glementation applicable en mati\u00e8re de traitement des donn\u00e9es \u00e0 caract\u00e8re personnel conform\u00e9ment au r\u00e8glement (UE) 2016\/679 du Parlement europ\u00e9en et du 1 Conseil du 27 avril 2016 (ci-apr\u00e8s, ensemble, la \u00ab\u00a0R\u00e8glementation applicable en mati\u00e8re de protection des donn\u00e9es \u00e0 caract\u00e8re personnel\u00a0\u00bb). En vertu de la r\u00e8glementation applicable en mati\u00e8re de protection des donn\u00e9es \u00e0 caract\u00e8re personnel, l&rsquo;utilisateur dispose d&rsquo;un droit d&rsquo;acc\u00e8s, de rectification, de suppression et d&rsquo;opposition de ses donn\u00e9es personnelles. L&rsquo;Utilisateur peut exercer ce droit par mail \u00e0 l&rsquo;adresse email saraharnaudhypnose@gmail.com.<\/p><p>Toute utilisation, reproduction, diffusion, commercialisation, modification de toute ou partie du site, sans autorisation expresse de l\u2019Editeur est prohib\u00e9e et pourra entra\u00eener des actions et poursuites judiciaires telles que pr\u00e9vues par la r\u00e8glementation en vigueur.<\/p><p>R\u00e9dig\u00e9 sur http:\/\/legalplace.fr<\/p>\t\t\t\t\t\t\t\t<\/div>\n\t\t\t\t<\/div>\n\t\t\t\t\t<\/div>\n\t\t\t\t<\/div>\n\t\t\t\t<\/div>\n\t\t","protected":false},"excerpt":{"rendered":"<p>Mentions l\u00e9gales En vigueur au 26\/09\/2024. Conform\u00e9ment aux dispositions de la loi n\u00b02004-575 du 21 juin 2004 pour la Confiance en l\u2019\u00e9conomie num\u00e9rique, il est port\u00e9 \u00e0 la connaissance des utilisateurs et visiteurs, du site https:\/\/saraharnaudhypnose.com\/ , les pr\u00e9sentes mentions l\u00e9gales. La connexion et la navigation sur le site par l\u2019utilisateur implique acceptation int\u00e9grale et [&hellip;]<\/p>\n","protected":false},"author":1,"featured_media":0,"parent":0,"menu_order":0,"comment_status":"closed","ping_status":"closed","template":"","meta":{"footnotes":""},"class_list":["post-1376","page","type-page","status-publish","hentry"],"yoast_head":"<!-- This site is optimized with the Yoast SEO plugin v24.8.1 - https:\/\/yoast.com\/wordpress\/plugins\/seo\/ -->\n<title>Mentions l\u00e9gales et politique de confidentialit\u00e9 - saraharnaudhypnose<\/title>\n<meta name=\"robots\" content=\"noindex, follow\" \/>\n<meta property=\"og:locale\" content=\"fr_FR\" \/>\n<meta property=\"og:type\" content=\"article\" \/>\n<meta property=\"og:title\" content=\"Mentions l\u00e9gales et politique de confidentialit\u00e9 - saraharnaudhypnose\" \/>\n<meta property=\"og:description\" content=\"Mentions l\u00e9gales En vigueur au 26\/09\/2024. Conform\u00e9ment aux dispositions de la loi n\u00b02004-575 du 21 juin 2004 pour la Confiance en l\u2019\u00e9conomie num\u00e9rique, il est port\u00e9 \u00e0 la connaissance des utilisateurs et visiteurs, du site https:\/\/saraharnaudhypnose.com\/ , les pr\u00e9sentes mentions l\u00e9gales. La connexion et la navigation sur le site par l\u2019utilisateur implique acceptation int\u00e9grale et [&hellip;]\" \/>\n<meta property=\"og:url\" content=\"https:\/\/saraharnaudhypnose.com\/index.php\/mentions-legales-et-politique-de-confidentialite\/\" \/>\n<meta property=\"og:site_name\" content=\"saraharnaudhypnose\" \/>\n<meta property=\"article:modified_time\" content=\"2025-04-04T11:15:57+00:00\" \/>\n<meta name=\"twitter:card\" content=\"summary_large_image\" \/>\n<meta name=\"twitter:label1\" content=\"Dur\u00e9e de lecture estim\u00e9e\" \/>\n\t<meta name=\"twitter:data1\" content=\"3 minutes\" \/>\n<script type=\"application\/ld+json\" class=\"yoast-schema-graph\">{\"@context\":\"https:\/\/schema.org\",\"@graph\":[{\"@type\":\"WebPage\",\"@id\":\"https:\/\/saraharnaudhypnose.com\/index.php\/mentions-legales-et-politique-de-confidentialite\/\",\"url\":\"https:\/\/saraharnaudhypnose.com\/index.php\/mentions-legales-et-politique-de-confidentialite\/\",\"name\":\"Mentions l\u00e9gales et politique de confidentialit\u00e9 - saraharnaudhypnose\",\"isPartOf\":{\"@id\":\"https:\/\/saraharnaudhypnose.com\/#website\"},\"datePublished\":\"2024-09-26T16:14:08+00:00\",\"dateModified\":\"2025-04-04T11:15:57+00:00\",\"breadcrumb\":{\"@id\":\"https:\/\/saraharnaudhypnose.com\/index.php\/mentions-legales-et-politique-de-confidentialite\/#breadcrumb\"},\"inLanguage\":\"fr-FR\",\"potentialAction\":[{\"@type\":\"ReadAction\",\"target\":[\"https:\/\/saraharnaudhypnose.com\/index.php\/mentions-legales-et-politique-de-confidentialite\/\"]}]},{\"@type\":\"BreadcrumbList\",\"@id\":\"https:\/\/saraharnaudhypnose.com\/index.php\/mentions-legales-et-politique-de-confidentialite\/#breadcrumb\",\"itemListElement\":[{\"@type\":\"ListItem\",\"position\":1,\"name\":\"Accueil\",\"item\":\"https:\/\/saraharnaudhypnose.com\/\"},{\"@type\":\"ListItem\",\"position\":2,\"name\":\"Mentions l\u00e9gales et politique de confidentialit\u00e9\"}]},{\"@type\":\"WebSite\",\"@id\":\"https:\/\/saraharnaudhypnose.com\/#website\",\"url\":\"https:\/\/saraharnaudhypnose.com\/\",\"name\":\"saraharnaudhypnose\",\"description\":\"\",\"publisher\":{\"@id\":\"https:\/\/saraharnaudhypnose.com\/#organization\"},\"potentialAction\":[{\"@type\":\"SearchAction\",\"target\":{\"@type\":\"EntryPoint\",\"urlTemplate\":\"https:\/\/saraharnaudhypnose.com\/?s={search_term_string}\"},\"query-input\":{\"@type\":\"PropertyValueSpecification\",\"valueRequired\":true,\"valueName\":\"search_term_string\"}}],\"inLanguage\":\"fr-FR\"},{\"@type\":\"Organization\",\"@id\":\"https:\/\/saraharnaudhypnose.com\/#organization\",\"name\":\"saraharnaudhypnose\",\"url\":\"https:\/\/saraharnaudhypnose.com\/\",\"logo\":{\"@type\":\"ImageObject\",\"inLanguage\":\"fr-FR\",\"@id\":\"https:\/\/saraharnaudhypnose.com\/#\/schema\/logo\/image\/\",\"url\":\"https:\/\/saraharnaudhypnose.com\/wp-content\/uploads\/2024\/07\/logo-hypnose-sarah-arnaud-hypnotherapie-hypnotherapeute-toulouse-2-e1727210753183.png\",\"contentUrl\":\"https:\/\/saraharnaudhypnose.com\/wp-content\/uploads\/2024\/07\/logo-hypnose-sarah-arnaud-hypnotherapie-hypnotherapeute-toulouse-2-e1727210753183.png\",\"width\":3207,\"height\":844,\"caption\":\"saraharnaudhypnose\"},\"image\":{\"@id\":\"https:\/\/saraharnaudhypnose.com\/#\/schema\/logo\/image\/\"}}]}<\/script>\n<!-- \/ Yoast SEO plugin. -->","yoast_head_json":{"title":"Mentions l\u00e9gales et politique de confidentialit\u00e9 - saraharnaudhypnose","robots":{"index":"noindex","follow":"follow"},"og_locale":"fr_FR","og_type":"article","og_title":"Mentions l\u00e9gales et politique de confidentialit\u00e9 - saraharnaudhypnose","og_description":"Mentions l\u00e9gales En vigueur au 26\/09\/2024. Conform\u00e9ment aux dispositions de la loi n\u00b02004-575 du 21 juin 2004 pour la Confiance en l\u2019\u00e9conomie num\u00e9rique, il est port\u00e9 \u00e0 la connaissance des utilisateurs et visiteurs, du site https:\/\/saraharnaudhypnose.com\/ , les pr\u00e9sentes mentions l\u00e9gales. La connexion et la navigation sur le site par l\u2019utilisateur implique acceptation int\u00e9grale et [&hellip;]","og_url":"https:\/\/saraharnaudhypnose.com\/index.php\/mentions-legales-et-politique-de-confidentialite\/","og_site_name":"saraharnaudhypnose","article_modified_time":"2025-04-04T11:15:57+00:00","twitter_card":"summary_large_image","twitter_misc":{"Dur\u00e9e de lecture estim\u00e9e":"3 minutes"},"schema":{"@context":"https:\/\/schema.org","@graph":[{"@type":"WebPage","@id":"https:\/\/saraharnaudhypnose.com\/index.php\/mentions-legales-et-politique-de-confidentialite\/","url":"https:\/\/saraharnaudhypnose.com\/index.php\/mentions-legales-et-politique-de-confidentialite\/","name":"Mentions l\u00e9gales et politique de confidentialit\u00e9 - saraharnaudhypnose","isPartOf":{"@id":"https:\/\/saraharnaudhypnose.com\/#website"},"datePublished":"2024-09-26T16:14:08+00:00","dateModified":"2025-04-04T11:15:57+00:00","breadcrumb":{"@id":"https:\/\/saraharnaudhypnose.com\/index.php\/mentions-legales-et-politique-de-confidentialite\/#breadcrumb"},"inLanguage":"fr-FR","potentialAction":[{"@type":"ReadAction","target":["https:\/\/saraharnaudhypnose.com\/index.php\/mentions-legales-et-politique-de-confidentialite\/"]}]},{"@type":"BreadcrumbList","@id":"https:\/\/saraharnaudhypnose.com\/index.php\/mentions-legales-et-politique-de-confidentialite\/#breadcrumb","itemListElement":[{"@type":"ListItem","position":1,"name":"Accueil","item":"https:\/\/saraharnaudhypnose.com\/"},{"@type":"ListItem","position":2,"name":"Mentions l\u00e9gales et politique de confidentialit\u00e9"}]},{"@type":"WebSite","@id":"https:\/\/saraharnaudhypnose.com\/#website","url":"https:\/\/saraharnaudhypnose.com\/","name":"saraharnaudhypnose","description":"","publisher":{"@id":"https:\/\/saraharnaudhypnose.com\/#organization"},"potentialAction":[{"@type":"SearchAction","target":{"@type":"EntryPoint","urlTemplate":"https:\/\/saraharnaudhypnose.com\/?s={search_term_string}"},"query-input":{"@type":"PropertyValueSpecification","valueRequired":true,"valueName":"search_term_string"}}],"inLanguage":"fr-FR"},{"@type":"Organization","@id":"https:\/\/saraharnaudhypnose.com\/#organization","name":"saraharnaudhypnose","url":"https:\/\/saraharnaudhypnose.com\/","logo":{"@type":"ImageObject","inLanguage":"fr-FR","@id":"https:\/\/saraharnaudhypnose.com\/#\/schema\/logo\/image\/","url":"https:\/\/saraharnaudhypnose.com\/wp-content\/uploads\/2024\/07\/logo-hypnose-sarah-arnaud-hypnotherapie-hypnotherapeute-toulouse-2-e1727210753183.png","contentUrl":"https:\/\/saraharnaudhypnose.com\/wp-content\/uploads\/2024\/07\/logo-hypnose-sarah-arnaud-hypnotherapie-hypnotherapeute-toulouse-2-e1727210753183.png","width":3207,"height":844,"caption":"saraharnaudhypnose"},"image":{"@id":"https:\/\/saraharnaudhypnose.com\/#\/schema\/logo\/image\/"}}]}},"_links":{"self":[{"href":"https:\/\/saraharnaudhypnose.com\/index.php\/wp-json\/wp\/v2\/pages\/1376","targetHints":{"allow":["GET"]}}],"collection":[{"href":"https:\/\/saraharnaudhypnose.com\/index.php\/wp-json\/wp\/v2\/pages"}],"about":[{"href":"https:\/\/saraharnaudhypnose.com\/index.php\/wp-json\/wp\/v2\/types\/page"}],"author":[{"embeddable":true,"href":"https:\/\/saraharnaudhypnose.com\/index.php\/wp-json\/wp\/v2\/users\/1"}],"replies":[{"embeddable":true,"href":"https:\/\/saraharnaudhypnose.com\/index.php\/wp-json\/wp\/v2\/comments?post=1376"}],"version-history":[{"count":13,"href":"https:\/\/saraharnaudhypnose.com\/index.php\/wp-json\/wp\/v2\/pages\/1376\/revisions"}],"predecessor-version":[{"id":1465,"href":"https:\/\/saraharnaudhypnose.com\/index.php\/wp-json\/wp\/v2\/pages\/1376\/revisions\/1465"}],"wp:attachment":[{"href":"https:\/\/saraharnaudhypnose.com\/index.php\/wp-json\/wp\/v2\/media?parent=1376"}],"curies":[{"name":"wp","href":"https:\/\/api.w.org\/{rel}","templated":true}]}}